{"id":1100,"date":"2021-11-01T11:46:08","date_gmt":"2021-11-01T16:16:08","guid":{"rendered":"https:\/\/barriosaneugenio.cl\/?page_id=1100"},"modified":"2023-03-19T13:06:24","modified_gmt":"2023-03-19T17:36:24","slug":"home","status":"publish","type":"page","link":"https:\/\/barriosaneugenio.cl\/","title":{"rendered":"Inicio"},"content":{"rendered":"\t\t<div data-elementor-type=\"wp-page\" data-elementor-id=\"1100\" class=\"elementor elementor-1100\">\n\t\t\t\t\t\t<section class=\"elementor-section elementor-top-section elementor-element elementor-element-46ec864 elementor-section-full_width elementor-section-height-min-height elementor-section-items-top elementor-section-height-default elementor-invisible\" data-id=\"46ec864\" data-element_type=\"section\" data-settings=\"{&quot;shape_divider_bottom&quot;:&quot;mountains&quot;,&quot;animation&quot;:&quot;zoomInRight&quot;}\">\n\t\t\t\t\t<div class=\"elementor-shape elementor-shape-bottom\" data-negative=\"false\">\n\t\t\t<svg xmlns=\"http:\/\/www.w3.org\/2000\/svg\" viewBox=\"0 0 1000 100\" preserveAspectRatio=\"none\">\n\t<path class=\"elementor-shape-fill\" opacity=\"0.33\" d=\"M473,67.3c-203.9,88.3-263.1-34-320.3,0C66,119.1,0,59.7,0,59.7V0h1000v59.7 c0,0-62.1,26.1-94.9,29.3c-32.8,3.3-62.8-12.3-75.8-22.1C806,49.6,745.3,8.7,694.9,4.7S492.4,59,473,67.3z\"\/>\n\t<path class=\"elementor-shape-fill\" opacity=\"0.66\" d=\"M734,67.3c-45.5,0-77.2-23.2-129.1-39.1c-28.6-8.7-150.3-10.1-254,39.1 s-91.7-34.4-149.2,0C115.7,118.3,0,39.8,0,39.8V0h1000v36.5c0,0-28.2-18.5-92.1-18.5C810.2,18.1,775.7,67.3,734,67.3z\"\/>\n\t<path class=\"elementor-shape-fill\" d=\"M766.1,28.9c-200-57.5-266,65.5-395.1,19.5C242,1.8,242,5.4,184.8,20.6C128,35.8,132.3,44.9,89.9,52.5C28.6,63.7,0,0,0,0 h1000c0,0-9.9,40.9-83.6,48.1S829.6,47,766.1,28.9z\"\/>\n<\/svg>\t\t<\/div>\n\t\t\t\t\t<div class=\"elementor-container elementor-column-gap-default\">\n\t\t\t\t\t<div class=\"elementor-column elementor-col-100 elementor-top-column elementor-element elementor-element-5ce50b4\" data-id=\"5ce50b4\" data-element_type=\"column\">\n\t\t\t<div class=\"elementor-widget-wrap elementor-element-populated\">\n\t\t\t\t\t\t<section class=\"elementor-section elementor-inner-section elementor-element elementor-element-e5af57e elementor-section-boxed elementor-section-height-default elementor-section-height-default\" data-id=\"e5af57e\" data-element_type=\"section\">\n\t\t\t\t\t\t<div class=\"elementor-container elementor-column-gap-default\">\n\t\t\t\t\t<div class=\"elementor-column elementor-col-50 elementor-inner-column elementor-element elementor-element-6f47015\" data-id=\"6f47015\" data-element_type=\"column\">\n\t\t\t<div class=\"elementor-widget-wrap elementor-element-populated\">\n\t\t\t\t\t\t<div class=\"elementor-element elementor-element-8efe8a9 elementor-widget elementor-widget-image\" data-id=\"8efe8a9\" data-element_type=\"widget\" data-widget_type=\"image.default\">\n\t\t\t\t<div class=\"elementor-widget-container\">\n\t\t\t\t\t\t\t\t\t\t\t\t\t\t\t<img decoding=\"async\" width=\"500\" height=\"92\" src=\"https:\/\/barriosaneugenio.cl\/wp-content\/uploads\/2023\/03\/logo-medium.png\" class=\"attachment-large size-large wp-image-1119\" alt=\"\" srcset=\"https:\/\/barriosaneugenio.cl\/wp-content\/uploads\/2023\/03\/logo-medium.png 500w, https:\/\/barriosaneugenio.cl\/wp-content\/uploads\/2023\/03\/logo-medium-300x55.png 300w\" sizes=\"(max-width: 500px) 100vw, 500px\" \/>\t\t\t\t\t\t\t\t\t\t\t\t\t\t\t<\/div>\n\t\t\t\t<\/div>\n\t\t\t\t\t<\/div>\n\t\t<\/div>\n\t\t\t\t<div class=\"elementor-column elementor-col-50 elementor-inner-column elementor-element elementor-element-5f5a9c2\" data-id=\"5f5a9c2\" data-element_type=\"column\">\n\t\t\t<div class=\"elementor-widget-wrap\">\n\t\t\t\t\t\t\t<\/div>\n\t\t<\/div>\n\t\t\t\t\t<\/div>\n\t\t<\/section>\n\t\t\t\t<div class=\"elementor-element elementor-element-209221f elementor-widget elementor-widget-image\" data-id=\"209221f\" data-element_type=\"widget\" data-widget_type=\"image.default\">\n\t\t\t\t<div class=\"elementor-widget-container\">\n\t\t\t\t\t\t\t\t\t\t\t\t\t\t\t<img fetchpriority=\"high\" decoding=\"async\" width=\"805\" height=\"468\" src=\"https:\/\/barriosaneugenio.cl\/wp-content\/uploads\/2023\/03\/FireShot-Capture-377-La-Yarur...-YouTube-www.youtube.com_.png\" class=\"attachment-full size-full wp-image-1149\" alt=\"\" srcset=\"https:\/\/barriosaneugenio.cl\/wp-content\/uploads\/2023\/03\/FireShot-Capture-377-La-Yarur...-YouTube-www.youtube.com_.png 805w, https:\/\/barriosaneugenio.cl\/wp-content\/uploads\/2023\/03\/FireShot-Capture-377-La-Yarur...-YouTube-www.youtube.com_-300x174.png 300w, https:\/\/barriosaneugenio.cl\/wp-content\/uploads\/2023\/03\/FireShot-Capture-377-La-Yarur...-YouTube-www.youtube.com_-768x446.png 768w\" sizes=\"(max-width: 805px) 100vw, 805px\" \/>\t\t\t\t\t\t\t\t\t\t\t\t\t\t\t<\/div>\n\t\t\t\t<\/div>\n\t\t\t\t<div class=\"elementor-element elementor-element-ef649e5 elementor-invisible elementor-widget elementor-widget-heading\" data-id=\"ef649e5\" data-element_type=\"widget\" data-settings=\"{&quot;_animation&quot;:&quot;rotateInUpRight&quot;}\" data-widget_type=\"heading.default\">\n\t\t\t\t<div class=\"elementor-widget-container\">\n\t\t\t\t\t<h1 class=\"elementor-heading-title elementor-size-xxl\">BARRIO\nSAN EUGENIO<\/h1>\t\t\t\t<\/div>\n\t\t\t\t<\/div>\n\t\t\t\t<div class=\"elementor-element elementor-element-b5979e1 elementor-widget elementor-widget-button\" data-id=\"b5979e1\" data-element_type=\"widget\" data-widget_type=\"button.default\">\n\t\t\t\t<div class=\"elementor-widget-container\">\n\t\t\t\t\t\t\t\t\t<div class=\"elementor-button-wrapper\">\n\t\t\t\t\t<a class=\"elementor-button elementor-button-link elementor-size-sm\" href=\"#\">\n\t\t\t\t\t\t<span class=\"elementor-button-content-wrapper\">\n\t\t\t\t\t\t\t\t\t<span class=\"elementor-button-text\">Haz clic aqu\u00ed<\/span>\n\t\t\t\t\t<\/span>\n\t\t\t\t\t<\/a>\n\t\t\t\t<\/div>\n\t\t\t\t\t\t\t\t<\/div>\n\t\t\t\t<\/div>\n\t\t\t\t\t<\/div>\n\t\t<\/div>\n\t\t\t\t\t<\/div>\n\t\t<\/section>\n\t\t\t\t<section class=\"elementor-section elementor-top-section elementor-element elementor-element-115ddc7 elementor-section-full_width elementor-section-height-default elementor-section-height-default\" data-id=\"115ddc7\" data-element_type=\"section\">\n\t\t\t\t\t\t<div class=\"elementor-container elementor-column-gap-extended\">\n\t\t\t\t\t<div class=\"elementor-column elementor-col-100 elementor-top-column elementor-element elementor-element-53ce3da\" data-id=\"53ce3da\" data-element_type=\"column\">\n\t\t\t<div class=\"elementor-widget-wrap elementor-element-populated\">\n\t\t\t\t\t\t<div class=\"elementor-element elementor-element-3b406ae elementor-widget elementor-widget-heading\" data-id=\"3b406ae\" data-element_type=\"widget\" data-widget_type=\"heading.default\">\n\t\t\t\t<div class=\"elementor-widget-container\">\n\t\t\t\t\t<h2 class=\"elementor-heading-title elementor-size-default\">Nuestra historia<\/h2>\t\t\t\t<\/div>\n\t\t\t\t<\/div>\n\t\t\t\t<div class=\"elementor-element elementor-element-a1eec2b elementor-widget elementor-widget-text-editor\" data-id=\"a1eec2b\" data-element_type=\"widget\" data-widget_type=\"text-editor.default\">\n\t\t\t\t<div class=\"elementor-widget-container\">\n\t\t\t\t\t\t\t\t\t<h4>Obrero, industrial y ferroviario: la \u00e9poca de esplendor de la actividad entre rieles y chimeneas que tuvo lugar all\u00ed- identifican la l\u00ednea del tren como una frontera determinante. Desde all\u00ed se despliega el gran territorio conocido como San Eugenio, una de las zonas urbanas m\u00e1s trascendentales en el siglo pasado.<\/h4><h4>Son m\u00e1s de 100 hect\u00e1reas entre calle Antofagasta (norte), Centenario (sur), Mirador (oriente) y Exposici\u00f3n (poniente) que definieron la historia temprana de la industrializaci\u00f3n en Chile y donde\u00a0 se consolid\u00f3 la vivienda obrera, desde 1911.<\/h4><h4>\u00a0Aparecen las poblaciones San Eugenio 1 y 2, Arauco, El Riel o Pedro Montt, donde se instalaron los trabajadores a inicios del siglo XX, edificaciones de equipamiento social moderno, como el Estadio Hugo Arqueros Rodr\u00edguez o el Cine Septiembre, y edificios industriales, como la F\u00e1brica Textil Yarur Machasa, la F\u00e1brica de Sacos o la gran Maestranza San Eugenio, el coraz\u00f3n del sistema ferroviario que se desarroll\u00f3 entonces.<\/h4>\t\t\t\t\t\t\t\t<\/div>\n\t\t\t\t<\/div>\n\t\t\t\t\t<\/div>\n\t\t<\/div>\n\t\t\t\t\t<\/div>\n\t\t<\/section>\n\t\t\t\t<\/div>\n\t\t","protected":false},"excerpt":{"rendered":"<p>Inicio Videos BARRIO SAN EUGENIO Haz clic aqu\u00ed Nuestra historia Obrero, industrial y ferroviario: la \u00e9poca de esplendor de la actividad entre rieles y chimeneas que tuvo lugar all\u00ed- identifican la l\u00ednea del tren como una frontera determinante. Desde all\u00ed se despliega el gran territorio conocido como San Eugenio, una de las zonas urbanas m\u00e1s [&hellip;]<\/p>\n","protected":false},"author":1,"featured_media":0,"parent":0,"menu_order":0,"comment_status":"closed","ping_status":"closed","template":"elementor_canvas","meta":{"_uag_custom_page_level_css":"","footnotes":""},"class_list":["post-1100","page","type-page","status-publish","hentry"],"uagb_featured_image_src":{"full":false,"thumbnail":false,"medium":false,"medium_large":false,"large":false,"1536x1536":false,"2048x2048":false},"uagb_author_info":{"display_name":"representativo911@gmail.com","author_link":"https:\/\/barriosaneugenio.cl\/?author=1"},"uagb_comment_info":0,"uagb_excerpt":"Inicio Videos BARRIO SAN EUGENIO Haz clic aqu\u00ed Nuestra historia Obrero, industrial y ferroviario: la \u00e9poca de esplendor de la actividad entre rieles y chimeneas que tuvo lugar all\u00ed- identifican la l\u00ednea del tren como una frontera determinante. Desde all\u00ed se despliega el gran territorio conocido como San Eugenio, una de las zonas urbanas m\u00e1s&hellip;","_links":{"self":[{"href":"https:\/\/barriosaneugenio.cl\/index.php?rest_route=\/wp\/v2\/pages\/1100","targetHints":{"allow":["GET"]}}],"collection":[{"href":"https:\/\/barriosaneugenio.cl\/index.php?rest_route=\/wp\/v2\/pages"}],"about":[{"href":"https:\/\/barriosaneugenio.cl\/index.php?rest_route=\/wp\/v2\/types\/page"}],"author":[{"embeddable":true,"href":"https:\/\/barriosaneugenio.cl\/index.php?rest_route=\/wp\/v2\/users\/1"}],"replies":[{"embeddable":true,"href":"https:\/\/barriosaneugenio.cl\/index.php?rest_route=%2Fwp%2Fv2%2Fcomments&post=1100"}],"version-history":[{"count":35,"href":"https:\/\/barriosaneugenio.cl\/index.php?rest_route=\/wp\/v2\/pages\/1100\/revisions"}],"predecessor-version":[{"id":1163,"href":"https:\/\/barriosaneugenio.cl\/index.php?rest_route=\/wp\/v2\/pages\/1100\/revisions\/1163"}],"wp:attachment":[{"href":"https:\/\/barriosaneugenio.cl\/index.php?rest_route=%2Fwp%2Fv2%2Fmedia&parent=1100"}],"curies":[{"name":"wp","href":"https:\/\/api.w.org\/{rel}","templated":true}]}}